{"id":79101,"date":"2024-10-17T14:38:13","date_gmt":"2024-10-17T13:38:13","guid":{"rendered":"https:\/\/canariasmangafestival.com\/aktivitaeten\/cosplay\/"},"modified":"2025-02-28T09:16:14","modified_gmt":"2025-02-28T09:16:14","slug":"cosplay","status":"publish","type":"page","link":"https:\/\/old.canariasmangafestival.com\/de\/aktivitaeten\/cosplay\/","title":{"rendered":"Cosplay"},"content":{"rendered":"\t\t<div data-elementor-type=\"wp-page\" data-elementor-id=\"79101\" class=\"elementor elementor-79101 elementor-75954\">\n\t\t\t\t\t\t<section class=\"elementor-section elementor-top-section elementor-element elementor-element-60c81131 elementor-section-boxed elementor-section-height-default elementor-section-height-default\" data-id=\"60c81131\" data-element_type=\"section\">\n\t\t\t\t\t\t<div class=\"elementor-container elementor-column-gap-default\">\n\t\t\t\t\t<div class=\"elementor-column elementor-col-100 elementor-top-column elementor-element elementor-element-7def8af5\" data-id=\"7def8af5\" data-element_type=\"column\">\n\t\t\t<div class=\"elementor-widget-wrap elementor-element-populated\">\n\t\t\t\t\t\t<div class=\"elementor-element elementor-element-61f94f15 elementor-widget elementor-widget-text-editor\" data-id=\"61f94f15\" data-element_type=\"widget\" data-widget_type=\"text-editor.default\">\n\t\t\t\t<div class=\"elementor-widget-container\">\n\t\t\t\t\t\t\t\t\t<h1 style=\"text-align: center;\">Cospaly Wettbewerb<\/h1>\n<h2 style=\"text-align: center;\">AKU-B\u00fchne&nbsp;<\/h2>\t\t\t\t\t\t\t\t<\/div>\n\t\t\t\t<\/div>\n\t\t\t\t<div class=\"elementor-element elementor-element-3fcf6d06 elementor-widget elementor-widget-image-carousel\" data-id=\"3fcf6d06\" data-element_type=\"widget\" data-settings=\"{&quot;slides_to_show&quot;:&quot;3&quot;,&quot;navigation&quot;:&quot;none&quot;,&quot;slides_to_scroll&quot;:&quot;3&quot;,&quot;autoplay&quot;:&quot;yes&quot;,&quot;pause_on_hover&quot;:&quot;yes&quot;,&quot;pause_on_interaction&quot;:&quot;yes&quot;,&quot;autoplay_speed&quot;:5000,&quot;infinite&quot;:&quot;yes&quot;,&quot;speed&quot;:500,&quot;image_spacing_custom&quot;:{&quot;unit&quot;:&quot;px&quot;,&quot;size&quot;:20,&quot;sizes&quot;:[]},&quot;image_spacing_custom_tablet&quot;:{&quot;unit&quot;:&quot;px&quot;,&quot;size&quot;:&quot;&quot;,&quot;sizes&quot;:[]},&quot;image_spacing_custom_mobile&quot;:{&quot;unit&quot;:&quot;px&quot;,&quot;size&quot;:&quot;&quot;,&quot;sizes&quot;:[]}}\" data-widget_type=\"image-carousel.default\">\n\t\t\t\t<div class=\"elementor-widget-container\">\n\t\t\t\t\t\t\t<div class=\"elementor-image-carousel-wrapper swiper\" role=\"region\" aria-roledescription=\"carousel\" aria-label=\"Carrusel de im\u00e1genes\" dir=\"ltr\">\n\t\t\t<div class=\"elementor-image-carousel swiper-wrapper\" aria-live=\"off\">\n\t\t\t\t\t\t\t\t<div class=\"swiper-slide\" role=\"group\" aria-roledescription=\"slide\" aria-label=\"1 von 9\"><a data-elementor-open-lightbox=\"yes\" data-elementor-lightbox-slideshow=\"3fcf6d06\" data-elementor-lightbox-title=\"032\" data-e-action-hash=\"#elementor-action%3Aaction%3Dlightbox%26settings%3DeyJpZCI6Nzg0MzUsInVybCI6Imh0dHBzOlwvXC9vbGQuY2FuYXJpYXNtYW5nYWZlc3RpdmFsLmNvbVwvd3AtY29udGVudFwvdXBsb2Fkc1wvMjAyMlwvMTJcLzAzMi0yLmpwZyIsInNsaWRlc2hvdyI6IjNmY2Y2ZDA2In0%3D\" href=\"https:\/\/old.canariasmangafestival.com\/wp-content\/uploads\/2022\/12\/032-2.jpg\"><figure class=\"swiper-slide-inner\"><img decoding=\"async\" class=\"swiper-slide-image\" src=\"https:\/\/old.canariasmangafestival.com\/wp-content\/uploads\/2022\/12\/032-2.jpg\" alt=\"032\" \/><\/figure><\/a><\/div><div class=\"swiper-slide\" role=\"group\" aria-roledescription=\"slide\" aria-label=\"2 von 9\"><a data-elementor-open-lightbox=\"yes\" data-elementor-lightbox-slideshow=\"3fcf6d06\" data-elementor-lightbox-title=\"031\" data-e-action-hash=\"#elementor-action%3Aaction%3Dlightbox%26settings%3DeyJpZCI6Nzg0MzMsInVybCI6Imh0dHBzOlwvXC9vbGQuY2FuYXJpYXNtYW5nYWZlc3RpdmFsLmNvbVwvd3AtY29udGVudFwvdXBsb2Fkc1wvMjAyMlwvMTJcLzAzMS0yLmpwZyIsInNsaWRlc2hvdyI6IjNmY2Y2ZDA2In0%3D\" href=\"https:\/\/old.canariasmangafestival.com\/wp-content\/uploads\/2022\/12\/031-2.jpg\"><figure class=\"swiper-slide-inner\"><img decoding=\"async\" class=\"swiper-slide-image\" src=\"https:\/\/old.canariasmangafestival.com\/wp-content\/uploads\/2022\/12\/031-2.jpg\" alt=\"031\" \/><\/figure><\/a><\/div><div class=\"swiper-slide\" role=\"group\" aria-roledescription=\"slide\" aria-label=\"3 von 9\"><a data-elementor-open-lightbox=\"yes\" data-elementor-lightbox-slideshow=\"3fcf6d06\" data-elementor-lightbox-title=\"030\" data-e-action-hash=\"#elementor-action%3Aaction%3Dlightbox%26settings%3DeyJpZCI6Nzg0MzEsInVybCI6Imh0dHBzOlwvXC9vbGQuY2FuYXJpYXNtYW5nYWZlc3RpdmFsLmNvbVwvd3AtY29udGVudFwvdXBsb2Fkc1wvMjAyMlwvMTJcLzAzMC0yLmpwZyIsInNsaWRlc2hvdyI6IjNmY2Y2ZDA2In0%3D\" href=\"https:\/\/old.canariasmangafestival.com\/wp-content\/uploads\/2022\/12\/030-2.jpg\"><figure class=\"swiper-slide-inner\"><img decoding=\"async\" class=\"swiper-slide-image\" src=\"https:\/\/old.canariasmangafestival.com\/wp-content\/uploads\/2022\/12\/030-2.jpg\" alt=\"030\" \/><\/figure><\/a><\/div><div class=\"swiper-slide\" role=\"group\" aria-roledescription=\"slide\" aria-label=\"4 von 9\"><a data-elementor-open-lightbox=\"yes\" data-elementor-lightbox-slideshow=\"3fcf6d06\" data-elementor-lightbox-title=\"029\" data-e-action-hash=\"#elementor-action%3Aaction%3Dlightbox%26settings%3DeyJpZCI6Nzg0MjksInVybCI6Imh0dHBzOlwvXC9vbGQuY2FuYXJpYXNtYW5nYWZlc3RpdmFsLmNvbVwvd3AtY29udGVudFwvdXBsb2Fkc1wvMjAyMlwvMTJcLzAyOS0yLmpwZyIsInNsaWRlc2hvdyI6IjNmY2Y2ZDA2In0%3D\" href=\"https:\/\/old.canariasmangafestival.com\/wp-content\/uploads\/2022\/12\/029-2.jpg\"><figure class=\"swiper-slide-inner\"><img decoding=\"async\" class=\"swiper-slide-image\" src=\"https:\/\/old.canariasmangafestival.com\/wp-content\/uploads\/2022\/12\/029-2.jpg\" alt=\"029\" \/><\/figure><\/a><\/div><div class=\"swiper-slide\" role=\"group\" aria-roledescription=\"slide\" aria-label=\"5 von 9\"><a data-elementor-open-lightbox=\"yes\" data-elementor-lightbox-slideshow=\"3fcf6d06\" data-elementor-lightbox-title=\"103\" data-e-action-hash=\"#elementor-action%3Aaction%3Dlightbox%26settings%3DeyJpZCI6NzgxODcsInVybCI6Imh0dHBzOlwvXC9vbGQuY2FuYXJpYXNtYW5nYWZlc3RpdmFsLmNvbVwvd3AtY29udGVudFwvdXBsb2Fkc1wvMjAyMlwvMTJcLzEwMy0xLmpwZyIsInNsaWRlc2hvdyI6IjNmY2Y2ZDA2In0%3D\" href=\"https:\/\/old.canariasmangafestival.com\/wp-content\/uploads\/2022\/12\/103-1.jpg\"><figure class=\"swiper-slide-inner\"><img decoding=\"async\" class=\"swiper-slide-image\" src=\"https:\/\/old.canariasmangafestival.com\/wp-content\/uploads\/2022\/12\/103-1.jpg\" alt=\"103\" \/><\/figure><\/a><\/div><div class=\"swiper-slide\" role=\"group\" aria-roledescription=\"slide\" aria-label=\"6 von 9\"><a data-elementor-open-lightbox=\"yes\" data-elementor-lightbox-slideshow=\"3fcf6d06\" data-elementor-lightbox-title=\"096\" data-e-action-hash=\"#elementor-action%3Aaction%3Dlightbox%26settings%3DeyJpZCI6NzgxNzUsInVybCI6Imh0dHBzOlwvXC9vbGQuY2FuYXJpYXNtYW5nYWZlc3RpdmFsLmNvbVwvd3AtY29udGVudFwvdXBsb2Fkc1wvMjAyMlwvMTJcLzA5Ni0xLmpwZyIsInNsaWRlc2hvdyI6IjNmY2Y2ZDA2In0%3D\" href=\"https:\/\/old.canariasmangafestival.com\/wp-content\/uploads\/2022\/12\/096-1.jpg\"><figure class=\"swiper-slide-inner\"><img decoding=\"async\" class=\"swiper-slide-image\" src=\"https:\/\/old.canariasmangafestival.com\/wp-content\/uploads\/2022\/12\/096-1.jpg\" alt=\"096\" \/><\/figure><\/a><\/div><div class=\"swiper-slide\" role=\"group\" aria-roledescription=\"slide\" aria-label=\"7 von 9\"><a data-elementor-open-lightbox=\"yes\" data-elementor-lightbox-slideshow=\"3fcf6d06\" data-elementor-lightbox-title=\"085\" data-e-action-hash=\"#elementor-action%3Aaction%3Dlightbox%26settings%3DeyJpZCI6NzgxNTMsInVybCI6Imh0dHBzOlwvXC9vbGQuY2FuYXJpYXNtYW5nYWZlc3RpdmFsLmNvbVwvd3AtY29udGVudFwvdXBsb2Fkc1wvMjAyMlwvMTJcLzA4NS0xLmpwZyIsInNsaWRlc2hvdyI6IjNmY2Y2ZDA2In0%3D\" href=\"https:\/\/old.canariasmangafestival.com\/wp-content\/uploads\/2022\/12\/085-1.jpg\"><figure class=\"swiper-slide-inner\"><img decoding=\"async\" class=\"swiper-slide-image\" src=\"https:\/\/old.canariasmangafestival.com\/wp-content\/uploads\/2022\/12\/085-1.jpg\" alt=\"085\" \/><\/figure><\/a><\/div><div class=\"swiper-slide\" role=\"group\" aria-roledescription=\"slide\" aria-label=\"8 von 9\"><a data-elementor-open-lightbox=\"yes\" data-elementor-lightbox-slideshow=\"3fcf6d06\" data-elementor-lightbox-title=\"081\" data-e-action-hash=\"#elementor-action%3Aaction%3Dlightbox%26settings%3DeyJpZCI6NzgxNDUsInVybCI6Imh0dHBzOlwvXC9vbGQuY2FuYXJpYXNtYW5nYWZlc3RpdmFsLmNvbVwvd3AtY29udGVudFwvdXBsb2Fkc1wvMjAyMlwvMTJcLzA4MS0xLmpwZyIsInNsaWRlc2hvdyI6IjNmY2Y2ZDA2In0%3D\" href=\"https:\/\/old.canariasmangafestival.com\/wp-content\/uploads\/2022\/12\/081-1.jpg\"><figure class=\"swiper-slide-inner\"><img decoding=\"async\" class=\"swiper-slide-image\" src=\"https:\/\/old.canariasmangafestival.com\/wp-content\/uploads\/2022\/12\/081-1.jpg\" alt=\"081\" \/><\/figure><\/a><\/div><div class=\"swiper-slide\" role=\"group\" aria-roledescription=\"slide\" aria-label=\"9 von 9\"><a data-elementor-open-lightbox=\"yes\" data-elementor-lightbox-slideshow=\"3fcf6d06\" data-elementor-lightbox-title=\"079\" data-e-action-hash=\"#elementor-action%3Aaction%3Dlightbox%26settings%3DeyJpZCI6NzgxNDEsInVybCI6Imh0dHBzOlwvXC9vbGQuY2FuYXJpYXNtYW5nYWZlc3RpdmFsLmNvbVwvd3AtY29udGVudFwvdXBsb2Fkc1wvMjAyMlwvMTJcLzA3OS0xLmpwZyIsInNsaWRlc2hvdyI6IjNmY2Y2ZDA2In0%3D\" href=\"https:\/\/old.canariasmangafestival.com\/wp-content\/uploads\/2022\/12\/079-1.jpg\"><figure class=\"swiper-slide-inner\"><img decoding=\"async\" class=\"swiper-slide-image\" src=\"https:\/\/old.canariasmangafestival.com\/wp-content\/uploads\/2022\/12\/079-1.jpg\" alt=\"079\" \/><\/figure><\/a><\/div>\t\t\t<\/div>\n\t\t\t\t\t\t\t\n\t\t\t\t\t\t\t\t\t<\/div>\n\t\t\t\t\t\t<\/div>\n\t\t\t\t<\/div>\n\t\t\t\t<div class=\"elementor-element elementor-element-ab190f0 elementor-widget elementor-widget-text-editor\" data-id=\"ab190f0\" data-element_type=\"widget\" data-widget_type=\"text-editor.default\">\n\t\t\t\t<div class=\"elementor-widget-container\">\n\t\t\t\t\t\t\t\t\t<p style=\"text-align: center;\">Wenn Sie dieses Formular nicht ausf\u00fcllen, wird Ihre Teilnahme nicht verhindert. Pers\u00f6nliche Anmeldungen sind bis zu 15 Minuten vor Beginn der Aktivit\u00e4t m\u00f6glich. Sie k\u00f6nnen die Musik ausw\u00e4hlen, die sie in ihrer Darbietung verwenden m\u00f6chten, solange sie mit den Regeln \u00fcbereinstimmt. Diejenigen, die das Formular ausgef\u00fcllt und ihr audiovisuelles Material beigef\u00fcgt haben, werden bevorzugt.<\/p><p style=\"text-align: center;\"> <\/p><p style=\"text-align: center;\"><em>Alle angegebenen Daten werden nach der Veranstaltung gel\u00f6scht.<\/em><\/p>\t\t\t\t\t\t\t\t<\/div>\n\t\t\t\t<\/div>\n\t\t\t\t<div class=\"elementor-element elementor-element-5ac39d2e elementor-widget elementor-widget-wpforms\" data-id=\"5ac39d2e\" data-element_type=\"widget\" data-widget_type=\"wpforms.default\">\n\t\t\t\t<div class=\"elementor-widget-container\">\n\t\t\t\t\t<div class=\"wpforms-container wpforms-container-full\" id=\"wpforms-74754\"><div class=\"wpforms-schedule-locked\" id=\"wpforms-locked-74754\"><div class=\"form-locked-message\"><p><em><strong>La inscripciones online ya est\u00e1n cerradas. Prueba acercarte al recinto y solicitar la inscripci\u00f3n presencial, hasta una hora antes del concurso (no esta asegurado que acepten nuevas inscripciones).<\/strong><\/em><\/p>\n<\/div><\/div><\/div>  <!-- .wpforms-container -->\t\t\t\t<\/div>\n\t\t\t\t<\/div>\n\t\t\t\t\t<\/div>\n\t\t<\/div>\n\t\t\t\t\t<\/div>\n\t\t<\/section>\n\t\t\t\t<\/div>\n\t\t","protected":false},"excerpt":{"rendered":"<p>Cospaly Wettbewerb AKU-B\u00fchne&nbsp; Wenn Sie dieses Formular nicht ausf\u00fcllen, wird Ihre Teilnahme nicht verhindert. Pers\u00f6nliche Anmeldungen sind bis zu 15 Minuten vor Beginn der Aktivit\u00e4t m\u00f6glich. Sie k\u00f6nnen die Musik ausw\u00e4hlen, die sie in ihrer Darbietung verwenden m\u00f6chten, solange sie&#8230;<\/p>\n","protected":false},"author":880,"featured_media":0,"parent":79058,"menu_order":0,"comment_status":"closed","ping_status":"closed","template":"","meta":{"inline_featured_image":false,"footnotes":""},"class_list":["post-79101","page","type-page","status-publish","hentry"],"yoast_head":"<!-- This site is optimized with the Yoast SEO plugin v26.6 - https:\/\/yoast.com\/wordpress\/plugins\/seo\/ -->\n<title>Cosplay - Canarias Manga<\/title>\n<meta name=\"robots\" content=\"noindex, follow, max-snippet:-1, max-image-preview:large, max-video-preview:-1\" \/>\n<meta property=\"og:locale\" content=\"de_DE\" \/>\n<meta property=\"og:type\" content=\"article\" \/>\n<meta property=\"og:title\" content=\"Cosplay - Canarias Manga\" \/>\n<meta property=\"og:description\" content=\"Cospaly Wettbewerb AKU-B\u00fchne&nbsp; Wenn Sie dieses Formular nicht ausf\u00fcllen, wird Ihre Teilnahme nicht verhindert. Pers\u00f6nliche Anmeldungen sind bis zu 15 Minuten vor Beginn der Aktivit\u00e4t m\u00f6glich. Sie k\u00f6nnen die Musik ausw\u00e4hlen, die sie in ihrer Darbietung verwenden m\u00f6chten, solange sie...\" \/>\n<meta property=\"og:url\" content=\"https:\/\/old.canariasmangafestival.com\/de\/aktivitaeten\/cosplay\/\" \/>\n<meta property=\"og:site_name\" content=\"Canarias Manga\" \/>\n<meta property=\"article:modified_time\" content=\"2025-02-28T09:16:14+00:00\" \/>\n<meta property=\"og:image\" content=\"https:\/\/old.canariasmangafestival.com\/wp-content\/uploads\/2022\/12\/032-2.jpg\" \/>\n<meta name=\"twitter:card\" content=\"summary_large_image\" \/>\n<meta name=\"twitter:label1\" content=\"Gesch\u00e4tzte Lesezeit\" \/>\n\t<meta name=\"twitter:data1\" content=\"1\u00a0Minute\" \/>\n<script type=\"application\/ld+json\" class=\"yoast-schema-graph\">{\"@context\":\"https:\/\/schema.org\",\"@graph\":[{\"@type\":\"WebPage\",\"@id\":\"https:\/\/old.canariasmangafestival.com\/de\/aktivitaeten\/cosplay\/\",\"url\":\"https:\/\/old.canariasmangafestival.com\/de\/aktivitaeten\/cosplay\/\",\"name\":\"Cosplay - Canarias Manga\",\"isPartOf\":{\"@id\":\"https:\/\/old.canariasmangafestival.com\/de\/#website\"},\"primaryImageOfPage\":{\"@id\":\"https:\/\/old.canariasmangafestival.com\/de\/aktivitaeten\/cosplay\/#primaryimage\"},\"image\":{\"@id\":\"https:\/\/old.canariasmangafestival.com\/de\/aktivitaeten\/cosplay\/#primaryimage\"},\"thumbnailUrl\":\"https:\/\/old.canariasmangafestival.com\/wp-content\/uploads\/2022\/12\/032-2.jpg\",\"datePublished\":\"2024-10-17T13:38:13+00:00\",\"dateModified\":\"2025-02-28T09:16:14+00:00\",\"breadcrumb\":{\"@id\":\"https:\/\/old.canariasmangafestival.com\/de\/aktivitaeten\/cosplay\/#breadcrumb\"},\"inLanguage\":\"de\",\"potentialAction\":[{\"@type\":\"ReadAction\",\"target\":[\"https:\/\/old.canariasmangafestival.com\/de\/aktivitaeten\/cosplay\/\"]}]},{\"@type\":\"ImageObject\",\"inLanguage\":\"de\",\"@id\":\"https:\/\/old.canariasmangafestival.com\/de\/aktivitaeten\/cosplay\/#primaryimage\",\"url\":\"https:\/\/old.canariasmangafestival.com\/wp-content\/uploads\/2022\/12\/032-2.jpg\",\"contentUrl\":\"https:\/\/old.canariasmangafestival.com\/wp-content\/uploads\/2022\/12\/032-2.jpg\"},{\"@type\":\"BreadcrumbList\",\"@id\":\"https:\/\/old.canariasmangafestival.com\/de\/aktivitaeten\/cosplay\/#breadcrumb\",\"itemListElement\":[{\"@type\":\"ListItem\",\"position\":1,\"name\":\"Portada\",\"item\":\"https:\/\/old.canariasmangafestival.com\/de\/\"},{\"@type\":\"ListItem\",\"position\":2,\"name\":\"Aktivit\u00e4ten\",\"item\":\"https:\/\/old.canariasmangafestival.com\/de\/actividades\/\"},{\"@type\":\"ListItem\",\"position\":3,\"name\":\"Cosplay\"}]},{\"@type\":\"WebSite\",\"@id\":\"https:\/\/old.canariasmangafestival.com\/de\/#website\",\"url\":\"https:\/\/old.canariasmangafestival.com\/de\/\",\"name\":\"Canarias Manga\",\"description\":\"Festival\",\"publisher\":{\"@id\":\"https:\/\/old.canariasmangafestival.com\/de\/#organization\"},\"potentialAction\":[{\"@type\":\"SearchAction\",\"target\":{\"@type\":\"EntryPoint\",\"urlTemplate\":\"https:\/\/old.canariasmangafestival.com\/de\/?s={search_term_string}\"},\"query-input\":{\"@type\":\"PropertyValueSpecification\",\"valueRequired\":true,\"valueName\":\"search_term_string\"}}],\"inLanguage\":\"de\"},{\"@type\":\"Organization\",\"@id\":\"https:\/\/old.canariasmangafestival.com\/de\/#organization\",\"name\":\"Canarias Manga\",\"url\":\"https:\/\/old.canariasmangafestival.com\/de\/\",\"logo\":{\"@type\":\"ImageObject\",\"inLanguage\":\"de\",\"@id\":\"https:\/\/old.canariasmangafestival.com\/de\/#\/schema\/logo\/image\/\",\"url\":\"https:\/\/old.canariasmangafestival.com\/wp-content\/uploads\/2023\/10\/LogoMangaCanariasFinal-copia.svg\",\"contentUrl\":\"https:\/\/old.canariasmangafestival.com\/wp-content\/uploads\/2023\/10\/LogoMangaCanariasFinal-copia.svg\",\"width\":841,\"height\":595,\"caption\":\"Canarias Manga\"},\"image\":{\"@id\":\"https:\/\/old.canariasmangafestival.com\/de\/#\/schema\/logo\/image\/\"}}]}<\/script>\n<!-- \/ Yoast SEO plugin. -->","yoast_head_json":{"title":"Cosplay - Canarias Manga","robots":{"index":"noindex","follow":"follow","max-snippet":"max-snippet:-1","max-image-preview":"max-image-preview:large","max-video-preview":"max-video-preview:-1"},"og_locale":"de_DE","og_type":"article","og_title":"Cosplay - Canarias Manga","og_description":"Cospaly Wettbewerb AKU-B\u00fchne&nbsp; Wenn Sie dieses Formular nicht ausf\u00fcllen, wird Ihre Teilnahme nicht verhindert. Pers\u00f6nliche Anmeldungen sind bis zu 15 Minuten vor Beginn der Aktivit\u00e4t m\u00f6glich. Sie k\u00f6nnen die Musik ausw\u00e4hlen, die sie in ihrer Darbietung verwenden m\u00f6chten, solange sie...","og_url":"https:\/\/old.canariasmangafestival.com\/de\/aktivitaeten\/cosplay\/","og_site_name":"Canarias Manga","article_modified_time":"2025-02-28T09:16:14+00:00","og_image":[{"url":"https:\/\/old.canariasmangafestival.com\/wp-content\/uploads\/2022\/12\/032-2.jpg","type":"","width":"","height":""}],"twitter_card":"summary_large_image","twitter_misc":{"Gesch\u00e4tzte Lesezeit":"1\u00a0Minute"},"schema":{"@context":"https:\/\/schema.org","@graph":[{"@type":"WebPage","@id":"https:\/\/old.canariasmangafestival.com\/de\/aktivitaeten\/cosplay\/","url":"https:\/\/old.canariasmangafestival.com\/de\/aktivitaeten\/cosplay\/","name":"Cosplay - Canarias Manga","isPartOf":{"@id":"https:\/\/old.canariasmangafestival.com\/de\/#website"},"primaryImageOfPage":{"@id":"https:\/\/old.canariasmangafestival.com\/de\/aktivitaeten\/cosplay\/#primaryimage"},"image":{"@id":"https:\/\/old.canariasmangafestival.com\/de\/aktivitaeten\/cosplay\/#primaryimage"},"thumbnailUrl":"https:\/\/old.canariasmangafestival.com\/wp-content\/uploads\/2022\/12\/032-2.jpg","datePublished":"2024-10-17T13:38:13+00:00","dateModified":"2025-02-28T09:16:14+00:00","breadcrumb":{"@id":"https:\/\/old.canariasmangafestival.com\/de\/aktivitaeten\/cosplay\/#breadcrumb"},"inLanguage":"de","potentialAction":[{"@type":"ReadAction","target":["https:\/\/old.canariasmangafestival.com\/de\/aktivitaeten\/cosplay\/"]}]},{"@type":"ImageObject","inLanguage":"de","@id":"https:\/\/old.canariasmangafestival.com\/de\/aktivitaeten\/cosplay\/#primaryimage","url":"https:\/\/old.canariasmangafestival.com\/wp-content\/uploads\/2022\/12\/032-2.jpg","contentUrl":"https:\/\/old.canariasmangafestival.com\/wp-content\/uploads\/2022\/12\/032-2.jpg"},{"@type":"BreadcrumbList","@id":"https:\/\/old.canariasmangafestival.com\/de\/aktivitaeten\/cosplay\/#breadcrumb","itemListElement":[{"@type":"ListItem","position":1,"name":"Portada","item":"https:\/\/old.canariasmangafestival.com\/de\/"},{"@type":"ListItem","position":2,"name":"Aktivit\u00e4ten","item":"https:\/\/old.canariasmangafestival.com\/de\/actividades\/"},{"@type":"ListItem","position":3,"name":"Cosplay"}]},{"@type":"WebSite","@id":"https:\/\/old.canariasmangafestival.com\/de\/#website","url":"https:\/\/old.canariasmangafestival.com\/de\/","name":"Canarias Manga","description":"Festival","publisher":{"@id":"https:\/\/old.canariasmangafestival.com\/de\/#organization"},"potentialAction":[{"@type":"SearchAction","target":{"@type":"EntryPoint","urlTemplate":"https:\/\/old.canariasmangafestival.com\/de\/?s={search_term_string}"},"query-input":{"@type":"PropertyValueSpecification","valueRequired":true,"valueName":"search_term_string"}}],"inLanguage":"de"},{"@type":"Organization","@id":"https:\/\/old.canariasmangafestival.com\/de\/#organization","name":"Canarias Manga","url":"https:\/\/old.canariasmangafestival.com\/de\/","logo":{"@type":"ImageObject","inLanguage":"de","@id":"https:\/\/old.canariasmangafestival.com\/de\/#\/schema\/logo\/image\/","url":"https:\/\/old.canariasmangafestival.com\/wp-content\/uploads\/2023\/10\/LogoMangaCanariasFinal-copia.svg","contentUrl":"https:\/\/old.canariasmangafestival.com\/wp-content\/uploads\/2023\/10\/LogoMangaCanariasFinal-copia.svg","width":841,"height":595,"caption":"Canarias Manga"},"image":{"@id":"https:\/\/old.canariasmangafestival.com\/de\/#\/schema\/logo\/image\/"}}]}},"jetpack_sharing_enabled":true,"_links":{"self":[{"href":"https:\/\/old.canariasmangafestival.com\/de\/wp-json\/wp\/v2\/pages\/79101","targetHints":{"allow":["GET"]}}],"collection":[{"href":"https:\/\/old.canariasmangafestival.com\/de\/wp-json\/wp\/v2\/pages"}],"about":[{"href":"https:\/\/old.canariasmangafestival.com\/de\/wp-json\/wp\/v2\/types\/page"}],"author":[{"embeddable":true,"href":"https:\/\/old.canariasmangafestival.com\/de\/wp-json\/wp\/v2\/users\/880"}],"replies":[{"embeddable":true,"href":"https:\/\/old.canariasmangafestival.com\/de\/wp-json\/wp\/v2\/comments?post=79101"}],"version-history":[{"count":1,"href":"https:\/\/old.canariasmangafestival.com\/de\/wp-json\/wp\/v2\/pages\/79101\/revisions"}],"predecessor-version":[{"id":79103,"href":"https:\/\/old.canariasmangafestival.com\/de\/wp-json\/wp\/v2\/pages\/79101\/revisions\/79103"}],"up":[{"embeddable":true,"href":"https:\/\/old.canariasmangafestival.com\/de\/wp-json\/wp\/v2\/pages\/79058"}],"wp:attachment":[{"href":"https:\/\/old.canariasmangafestival.com\/de\/wp-json\/wp\/v2\/media?parent=79101"}],"curies":[{"name":"wp","href":"https:\/\/api.w.org\/{rel}","templated":true}]}}